{"id":3623,"date":"2023-03-02T13:36:19","date_gmt":"2023-03-02T12:36:19","guid":{"rendered":"https:\/\/lebedouinagafay.com\/panier\/"},"modified":"2024-12-19T10:10:25","modified_gmt":"2024-12-19T09:10:25","slug":"panier","status":"publish","type":"page","link":"https:\/\/lebedouinagafay.com\/fr\/panier\/","title":{"rendered":"Panier"},"content":{"rendered":"\n","protected":false},"excerpt":{"rendered":"","protected":false},"author":36,"featured_media":0,"parent":0,"menu_order":0,"comment_status":"closed","ping_status":"closed","template":"","meta":{"_acf_changed":false,"footnotes":""},"class_list":["post-3623","page","type-page","status-publish","hentry"],"acf":[],"yoast_head":"<!-- This site is optimized with the Yoast SEO plugin v26.0 - https:\/\/yoast.com\/wordpress\/plugins\/seo\/ -->\n<title>Panier - Le B\u00e9douin Agafay - Official Site | Unique Stays &amp; Experiences in the Marrakech Desert<\/title>\n<meta name=\"robots\" content=\"index, follow, max-snippet:-1, max-image-preview:large, max-video-preview:-1\" \/>\n<link rel=\"canonical\" href=\"https:\/\/lebedouinagafay.com\/fr\/panier\/\" \/>\n<meta property=\"og:locale\" content=\"fr_FR\" \/>\n<meta property=\"og:type\" content=\"article\" \/>\n<meta property=\"og:title\" content=\"Panier - Le B\u00e9douin Agafay - Official Site | Unique Stays &amp; Experiences in the Marrakech Desert\" \/>\n<meta property=\"og:url\" content=\"https:\/\/lebedouinagafay.com\/fr\/panier\/\" \/>\n<meta property=\"og:site_name\" content=\"Le B\u00e9douin Agafay - Official Site | Unique Stays &amp; Experiences in the Marrakech Desert\" \/>\n<meta property=\"article:publisher\" content=\"https:\/\/www.facebook.com\/lebedouinagafay\/\" \/>\n<meta property=\"article:modified_time\" content=\"2024-12-19T09:10:25+00:00\" \/>\n<meta name=\"twitter:card\" content=\"summary_large_image\" \/>\n<script type=\"application\/ld+json\" class=\"yoast-schema-graph\">{\"@context\":\"https:\/\/schema.org\",\"@graph\":[{\"@type\":\"WebPage\",\"@id\":\"https:\/\/lebedouinagafay.com\/fr\/panier\/\",\"url\":\"https:\/\/lebedouinagafay.com\/fr\/panier\/\",\"name\":\"Panier - Le B\u00e9douin Agafay - Official Site | Unique Stays &amp; Experiences in the Marrakech Desert\",\"isPartOf\":{\"@id\":\"https:\/\/lebedouinagafay.com\/#website\"},\"datePublished\":\"2023-03-02T12:36:19+00:00\",\"dateModified\":\"2024-12-19T09:10:25+00:00\",\"breadcrumb\":{\"@id\":\"https:\/\/lebedouinagafay.com\/fr\/panier\/#breadcrumb\"},\"inLanguage\":\"fr-FR\",\"potentialAction\":[{\"@type\":\"ReadAction\",\"target\":[\"https:\/\/lebedouinagafay.com\/fr\/panier\/\"]}]},{\"@type\":\"BreadcrumbList\",\"@id\":\"https:\/\/lebedouinagafay.com\/fr\/panier\/#breadcrumb\",\"itemListElement\":[{\"@type\":\"ListItem\",\"position\":1,\"name\":\"Home\",\"item\":\"https:\/\/lebedouinagafay.com\/\"},{\"@type\":\"ListItem\",\"position\":2,\"name\":\"Panier\"}]},{\"@type\":\"WebSite\",\"@id\":\"https:\/\/lebedouinagafay.com\/#website\",\"url\":\"https:\/\/lebedouinagafay.com\/\",\"name\":\"Le Bedouin Agafay\",\"description\":\"Le B\u00e9douin Agafay : H\u00e9bergement, aventures et hospitalit\u00e9 au c\u0153ur du d\u00e9sert d\u2019Agafay.\",\"publisher\":{\"@id\":\"https:\/\/lebedouinagafay.com\/#organization\"},\"potentialAction\":[{\"@type\":\"SearchAction\",\"target\":{\"@type\":\"EntryPoint\",\"urlTemplate\":\"https:\/\/lebedouinagafay.com\/?s={search_term_string}\"},\"query-input\":{\"@type\":\"PropertyValueSpecification\",\"valueRequired\":true,\"valueName\":\"search_term_string\"}}],\"inLanguage\":\"fr-FR\"},{\"@type\":\"Organization\",\"@id\":\"https:\/\/lebedouinagafay.com\/#organization\",\"name\":\"Le Bedouin Agafay\",\"url\":\"https:\/\/lebedouinagafay.com\/\",\"logo\":{\"@type\":\"ImageObject\",\"inLanguage\":\"fr-FR\",\"@id\":\"https:\/\/lebedouinagafay.com\/#\/schema\/logo\/image\/\",\"url\":\"https:\/\/lebedouinagafay.com\/wp-content\/uploads\/2025\/01\/le-bedouin-agafay.png\",\"contentUrl\":\"https:\/\/lebedouinagafay.com\/wp-content\/uploads\/2025\/01\/le-bedouin-agafay.png\",\"width\":700,\"height\":700,\"caption\":\"Le Bedouin Agafay\"},\"image\":{\"@id\":\"https:\/\/lebedouinagafay.com\/#\/schema\/logo\/image\/\"},\"sameAs\":[\"https:\/\/www.facebook.com\/lebedouinagafay\/\",\"https:\/\/instagram.com\/lebedouinagafay\/\",\"https:\/\/www.tripadvisor.com\/Hotel_Review-g15276171-d24854213-Reviews-Le_Bedouin_Agafay-Agafay_Marrakech_Safi.html\"]}]}<\/script>\n<!-- \/ Yoast SEO plugin. -->","yoast_head_json":{"title":"Panier - Le B\u00e9douin Agafay - Official Site | Unique Stays &amp; Experiences in the Marrakech Desert","robots":{"index":"index","follow":"follow","max-snippet":"max-snippet:-1","max-image-preview":"max-image-preview:large","max-video-preview":"max-video-preview:-1"},"canonical":"https:\/\/lebedouinagafay.com\/fr\/panier\/","og_locale":"fr_FR","og_type":"article","og_title":"Panier - Le B\u00e9douin Agafay - Official Site | Unique Stays &amp; Experiences in the Marrakech Desert","og_url":"https:\/\/lebedouinagafay.com\/fr\/panier\/","og_site_name":"Le B\u00e9douin Agafay - Official Site | Unique Stays &amp; Experiences in the Marrakech Desert","article_publisher":"https:\/\/www.facebook.com\/lebedouinagafay\/","article_modified_time":"2024-12-19T09:10:25+00:00","twitter_card":"summary_large_image","schema":{"@context":"https:\/\/schema.org","@graph":[{"@type":"WebPage","@id":"https:\/\/lebedouinagafay.com\/fr\/panier\/","url":"https:\/\/lebedouinagafay.com\/fr\/panier\/","name":"Panier - Le B\u00e9douin Agafay - Official Site | Unique Stays &amp; Experiences in the Marrakech Desert","isPartOf":{"@id":"https:\/\/lebedouinagafay.com\/#website"},"datePublished":"2023-03-02T12:36:19+00:00","dateModified":"2024-12-19T09:10:25+00:00","breadcrumb":{"@id":"https:\/\/lebedouinagafay.com\/fr\/panier\/#breadcrumb"},"inLanguage":"fr-FR","potentialAction":[{"@type":"ReadAction","target":["https:\/\/lebedouinagafay.com\/fr\/panier\/"]}]},{"@type":"BreadcrumbList","@id":"https:\/\/lebedouinagafay.com\/fr\/panier\/#breadcrumb","itemListElement":[{"@type":"ListItem","position":1,"name":"Home","item":"https:\/\/lebedouinagafay.com\/"},{"@type":"ListItem","position":2,"name":"Panier"}]},{"@type":"WebSite","@id":"https:\/\/lebedouinagafay.com\/#website","url":"https:\/\/lebedouinagafay.com\/","name":"Le Bedouin Agafay","description":"Le B\u00e9douin Agafay : H\u00e9bergement, aventures et hospitalit\u00e9 au c\u0153ur du d\u00e9sert d\u2019Agafay.","publisher":{"@id":"https:\/\/lebedouinagafay.com\/#organization"},"potentialAction":[{"@type":"SearchAction","target":{"@type":"EntryPoint","urlTemplate":"https:\/\/lebedouinagafay.com\/?s={search_term_string}"},"query-input":{"@type":"PropertyValueSpecification","valueRequired":true,"valueName":"search_term_string"}}],"inLanguage":"fr-FR"},{"@type":"Organization","@id":"https:\/\/lebedouinagafay.com\/#organization","name":"Le Bedouin Agafay","url":"https:\/\/lebedouinagafay.com\/","logo":{"@type":"ImageObject","inLanguage":"fr-FR","@id":"https:\/\/lebedouinagafay.com\/#\/schema\/logo\/image\/","url":"https:\/\/lebedouinagafay.com\/wp-content\/uploads\/2025\/01\/le-bedouin-agafay.png","contentUrl":"https:\/\/lebedouinagafay.com\/wp-content\/uploads\/2025\/01\/le-bedouin-agafay.png","width":700,"height":700,"caption":"Le Bedouin Agafay"},"image":{"@id":"https:\/\/lebedouinagafay.com\/#\/schema\/logo\/image\/"},"sameAs":["https:\/\/www.facebook.com\/lebedouinagafay\/","https:\/\/instagram.com\/lebedouinagafay\/","https:\/\/www.tripadvisor.com\/Hotel_Review-g15276171-d24854213-Reviews-Le_Bedouin_Agafay-Agafay_Marrakech_Safi.html"]}]}},"jetpack_sharing_enabled":true,"_links":{"self":[{"href":"https:\/\/lebedouinagafay.com\/fr\/wp-json\/wp\/v2\/pages\/3623","targetHints":{"allow":["GET"]}}],"collection":[{"href":"https:\/\/lebedouinagafay.com\/fr\/wp-json\/wp\/v2\/pages"}],"about":[{"href":"https:\/\/lebedouinagafay.com\/fr\/wp-json\/wp\/v2\/types\/page"}],"author":[{"embeddable":true,"href":"https:\/\/lebedouinagafay.com\/fr\/wp-json\/wp\/v2\/users\/36"}],"replies":[{"embeddable":true,"href":"https:\/\/lebedouinagafay.com\/fr\/wp-json\/wp\/v2\/comments?post=3623"}],"version-history":[{"count":0,"href":"https:\/\/lebedouinagafay.com\/fr\/wp-json\/wp\/v2\/pages\/3623\/revisions"}],"wp:attachment":[{"href":"https:\/\/lebedouinagafay.com\/fr\/wp-json\/wp\/v2\/media?parent=3623"}],"curies":[{"name":"wp","href":"https:\/\/api.w.org\/{rel}","templated":true}]}}