{"id":3521,"date":"2024-11-29T19:39:09","date_gmt":"2024-11-29T18:39:09","guid":{"rendered":"https:\/\/lebedouinagafay.com\/product\/pass-nuit\/"},"modified":"2025-07-23T10:49:31","modified_gmt":"2025-07-23T08:49:31","slug":"night-pass","status":"publish","type":"product","link":"https:\/\/lebedouinagafay.com\/fr\/produit\/night-pass\/","title":{"rendered":"NIGHT PASS"},"content":{"rendered":"<h3><span style=\"color: #000000;\"><strong>Night Pass Agafay Desert &#8211; Un Voyage Inoubliable sous les \u00c9toiles<\/strong><\/span><\/h3>\n<p><span style=\"color: #000000;\">\u00c9vadez-vous dans le d\u00e9sert d&rsquo;Agafay et d\u00e9couvrez l&rsquo;incroyable ambiance nocturne avec notre Night Pass Agafay Desert. \u00c0 seulement 45 minutes de Marrakech, notre exp\u00e9rience de soir\u00e9e vous plonge dans l&rsquo;atmosph\u00e8re magique du d\u00e9sert, inspir\u00e9e des contes des Mille et Une Nuits. Un moment de d\u00e9tente, de magie et de d\u00e9couverte vous attend sous un ciel \u00e9toil\u00e9.<\/span><\/p>\n<h4><span style=\"color: #000000;\"><strong>Ce qui est Inclus dans votre Night Pass :<\/strong><\/span><\/h4>\n<ul>\n<li><span style=\"color: #000000;\"><strong>Acc\u00e8s \u00e0 la piscine<\/strong> : Profitez d&rsquo;une baignade rafra\u00eechissante ou d\u00e9tendez-vous sur un transat entre 15h et 19h tout en admirant les magnifiques paysages du d\u00e9sert d&rsquo;Agafay. Ce moment de calme au bord de la piscine vous permettra de vous ressourcer et de profiter de la vue imprenable sur les dunes et les collines environnantes.<\/span><\/li>\n<li><span style=\"color: #000000;\"><strong>D\u00eener buffet<\/strong> : Savourez une s\u00e9lection exquise de plats marocains traditionnels et de salades fra\u00eeches, servis dans notre restaurant \u00e9l\u00e9gant ou sous la pergola ext\u00e9rieure. Laissez-vous s\u00e9duire par la richesse des saveurs marocaines. (Boissons non incluses)<\/span><\/li>\n<li><span style=\"color: #000000;\"><strong>Divertissement en soir\u00e9e<\/strong> : Laissez-vous envo\u00fbter par des performances captivantes, comprenant des danses orientales, des musiciens Gnawa, des cracheurs de feu et un DJ live pour animer la soir\u00e9e. Ces spectacles offriront une ambiance magique et pleine d\u2019\u00e9nergie, parfaite pour partager des moments m\u00e9morables avec vos proches.<\/span><\/li>\n<\/ul>\n<h4><span style=\"color: #000000;\"><strong>Tarifs et D\u00e9tails :<\/strong><\/span><\/h4>\n<ul>\n<li><span style=\"color: #000000;\"><strong>Night Pass (piscine + d\u00eener jusqu&rsquo;\u00e0 23h) :<\/strong> 550 MAD (55 \u20ac) par personne<\/span><\/li>\n<li><span style=\"color: #000000;\"><strong>Enfants (0-4 ans)<\/strong> : Gratuit<\/span><\/li>\n<li><span style=\"color: #000000;\"><strong>Enfants (5-11 ans)<\/strong> : 300 MAD (30 \u20ac) par enfant<\/span><\/li>\n<\/ul>\n<h4><span style=\"color: #000000;\"><strong>Pourquoi Choisir notre Night Pass Agafay ?<\/strong><\/span><\/h4>\n<ul>\n<li><span style=\"color: #000000;\">Un d\u00eener d\u00e9licieux et des spectacles envo\u00fbtants au c\u0153ur du d\u00e9sert d\u2019Agafay.<\/span><\/li>\n<li><span style=\"color: #000000;\">L\u2019option id\u00e9ale pour une soir\u00e9e romantique, en famille ou entre amis.<\/span><\/li>\n<li><span style=\"color: #000000;\">Une occasion unique de vivre une exp\u00e9rience magique dans un cadre d\u00e9sertique exceptionnel.<\/span><\/li>\n<li><span style=\"color: #000000;\">Profitez d&rsquo;une atmosph\u00e8re sereine et apaisante, loin de l\u2019agitation de la ville, dans un environnement naturel et luxuriant.<\/span><\/li>\n<\/ul>\n<h6><span style=\"color: #000000;\"><strong>Pour toute information compl\u00e9mentaire ou question, n\u2019h\u00e9sitez pas \u00e0\u00a0 <\/strong><span style=\"color: #0000ff;\"><a style=\"color: #0000ff;\" href=\"https:\/\/lebedouinagafay.com\/fr\/contactez-nous\/\" target=\"_blank\" rel=\"noopener\"><strong>nous contacter !<\/strong><\/a><\/span><\/span><\/h6>\n<h6><span style=\"color: #000000;\"><strong>Rejoignez notre aventure pour recevoir les offres sp\u00e9ciales et mises \u00e0 jour exclusives : \u00a0<\/strong><span style=\"color: #0000ff;\"><a style=\"color: #0000ff;\" href=\"https:\/\/www.facebook.com\/lebedouinagafay\/\" target=\"_blank\" rel=\"noopener\"><strong>Facebook<\/strong><\/a><\/span><strong> , \u00a0<\/strong><span style=\"color: #0000ff;\"><a style=\"color: #0000ff;\" href=\"https:\/\/instagram.com\/lebedouinagafay\/\" target=\"_blank\" rel=\"noopener\"><strong>Instagram<\/strong><\/a><\/span><\/span><\/h6>\n","protected":false},"excerpt":{"rendered":"<p style=\"text-align: left;\">Le B\u00e9douin Agafay vous offre une exp\u00e9rience unique et authentique sous le charme du d\u00e9sert et son ciel \u00e9toil\u00e9. Profitez de notre NIGHT PASS et plongez dans le th\u00e8me d\u2019une soir\u00e9e 1001 nuits.<\/p>\n","protected":false},"featured_media":6084,"comment_status":"open","ping_status":"closed","template":"","meta":{"_acf_changed":false},"product_brand":[],"product_cat":[53],"product_tag":[],"class_list":{"0":"post-3521","1":"product","2":"type-product","3":"status-publish","4":"has-post-thumbnail","6":"product_cat-uncategorized-fr","8":"first","9":"instock","10":"shipping-taxable","11":"purchasable","12":"product-type-variable"},"acf":[],"yoast_head":"<!-- This site is optimized with the Yoast SEO plugin v26.0 - https:\/\/yoast.com\/wordpress\/plugins\/seo\/ -->\n<title>NIGHT PASS - Le B\u00e9douin Agafay - Official Site | Unique Stays &amp; Experiences in the Marrakech Desert<\/title>\n<meta name=\"description\" content=\"Profitez du Night Pass dans le d\u00e9sert d&#039;Agafay : piscine, d\u00eener buffet marocain, spectacles envo\u00fbtants et une ambiance magique sous les \u00e9toiles.\" \/>\n<meta name=\"robots\" content=\"index, follow, max-snippet:-1, max-image-preview:large, max-video-preview:-1\" \/>\n<link rel=\"canonical\" href=\"https:\/\/lebedouinagafay.com\/fr\/produit\/night-pass\/\" \/>\n<meta property=\"og:locale\" content=\"fr_FR\" \/>\n<meta property=\"og:type\" content=\"article\" \/>\n<meta property=\"og:title\" content=\"NIGHT PASS - Le B\u00e9douin Agafay - Official Site | Unique Stays &amp; Experiences in the Marrakech Desert\" \/>\n<meta property=\"og:description\" content=\"Profitez du Night Pass dans le d\u00e9sert d&#039;Agafay : piscine, d\u00eener buffet marocain, spectacles envo\u00fbtants et une ambiance magique sous les \u00e9toiles.\" \/>\n<meta property=\"og:url\" content=\"https:\/\/lebedouinagafay.com\/fr\/produit\/night-pass\/\" \/>\n<meta property=\"og:site_name\" content=\"Le B\u00e9douin Agafay - Official Site | Unique Stays &amp; Experiences in the Marrakech Desert\" \/>\n<meta property=\"article:publisher\" content=\"https:\/\/www.facebook.com\/lebedouinagafay\/\" \/>\n<meta property=\"article:modified_time\" content=\"2025-07-23T08:49:31+00:00\" \/>\n<meta property=\"og:image\" content=\"https:\/\/lebedouinagafay.com\/wp-content\/uploads\/2024\/11\/Night-Pass-scaled.jpg\" \/>\n\t<meta property=\"og:image:width\" content=\"2560\" \/>\n\t<meta property=\"og:image:height\" content=\"1707\" \/>\n\t<meta property=\"og:image:type\" content=\"image\/jpeg\" \/>\n<meta name=\"twitter:card\" content=\"summary_large_image\" \/>\n<meta name=\"twitter:label1\" content=\"Dur\u00e9e de lecture estim\u00e9e\" \/>\n\t<meta name=\"twitter:data1\" content=\"2 minutes\" \/>\n<script type=\"application\/ld+json\" class=\"yoast-schema-graph\">{\"@context\":\"https:\/\/schema.org\",\"@graph\":[{\"@type\":\"WebPage\",\"@id\":\"https:\/\/lebedouinagafay.com\/fr\/produit\/night-pass\/\",\"url\":\"https:\/\/lebedouinagafay.com\/fr\/produit\/night-pass\/\",\"name\":\"NIGHT PASS - Le B\u00e9douin Agafay - Official Site | Unique Stays &amp; Experiences in the Marrakech Desert\",\"isPartOf\":{\"@id\":\"https:\/\/lebedouinagafay.com\/#website\"},\"primaryImageOfPage\":{\"@id\":\"https:\/\/lebedouinagafay.com\/fr\/produit\/night-pass\/#primaryimage\"},\"image\":{\"@id\":\"https:\/\/lebedouinagafay.com\/fr\/produit\/night-pass\/#primaryimage\"},\"thumbnailUrl\":\"https:\/\/i0.wp.com\/lebedouinagafay.com\/wp-content\/uploads\/2024\/11\/Night-Pass-scaled.jpg?fit=2560%2C1707&ssl=1\",\"datePublished\":\"2024-11-29T18:39:09+00:00\",\"dateModified\":\"2025-07-23T08:49:31+00:00\",\"description\":\"Profitez du Night Pass dans le d\u00e9sert d'Agafay : piscine, d\u00eener buffet marocain, spectacles envo\u00fbtants et une ambiance magique sous les \u00e9toiles.\",\"breadcrumb\":{\"@id\":\"https:\/\/lebedouinagafay.com\/fr\/produit\/night-pass\/#breadcrumb\"},\"inLanguage\":\"fr-FR\",\"potentialAction\":[{\"@type\":\"ReadAction\",\"target\":[\"https:\/\/lebedouinagafay.com\/fr\/produit\/night-pass\/\"]}]},{\"@type\":\"ImageObject\",\"inLanguage\":\"fr-FR\",\"@id\":\"https:\/\/lebedouinagafay.com\/fr\/produit\/night-pass\/#primaryimage\",\"url\":\"https:\/\/i0.wp.com\/lebedouinagafay.com\/wp-content\/uploads\/2024\/11\/Night-Pass-scaled.jpg?fit=2560%2C1707&ssl=1\",\"contentUrl\":\"https:\/\/i0.wp.com\/lebedouinagafay.com\/wp-content\/uploads\/2024\/11\/Night-Pass-scaled.jpg?fit=2560%2C1707&ssl=1\",\"width\":2560,\"height\":1707},{\"@type\":\"BreadcrumbList\",\"@id\":\"https:\/\/lebedouinagafay.com\/fr\/produit\/night-pass\/#breadcrumb\",\"itemListElement\":[{\"@type\":\"ListItem\",\"position\":1,\"name\":\"Home\",\"item\":\"https:\/\/lebedouinagafay.com\/\"},{\"@type\":\"ListItem\",\"position\":2,\"name\":\"Boutique\",\"item\":\"https:\/\/lebedouinagafay.com\/fr\/boutique\/\"},{\"@type\":\"ListItem\",\"position\":3,\"name\":\"NIGHT PASS\"}]},{\"@type\":\"WebSite\",\"@id\":\"https:\/\/lebedouinagafay.com\/#website\",\"url\":\"https:\/\/lebedouinagafay.com\/\",\"name\":\"Le Bedouin Agafay\",\"description\":\"Le B\u00e9douin Agafay : H\u00e9bergement, aventures et hospitalit\u00e9 au c\u0153ur du d\u00e9sert d\u2019Agafay.\",\"publisher\":{\"@id\":\"https:\/\/lebedouinagafay.com\/#organization\"},\"potentialAction\":[{\"@type\":\"SearchAction\",\"target\":{\"@type\":\"EntryPoint\",\"urlTemplate\":\"https:\/\/lebedouinagafay.com\/?s={search_term_string}\"},\"query-input\":{\"@type\":\"PropertyValueSpecification\",\"valueRequired\":true,\"valueName\":\"search_term_string\"}}],\"inLanguage\":\"fr-FR\"},{\"@type\":\"Organization\",\"@id\":\"https:\/\/lebedouinagafay.com\/#organization\",\"name\":\"Le Bedouin Agafay\",\"url\":\"https:\/\/lebedouinagafay.com\/\",\"logo\":{\"@type\":\"ImageObject\",\"inLanguage\":\"fr-FR\",\"@id\":\"https:\/\/lebedouinagafay.com\/#\/schema\/logo\/image\/\",\"url\":\"https:\/\/lebedouinagafay.com\/wp-content\/uploads\/2025\/01\/le-bedouin-agafay.png\",\"contentUrl\":\"https:\/\/lebedouinagafay.com\/wp-content\/uploads\/2025\/01\/le-bedouin-agafay.png\",\"width\":700,\"height\":700,\"caption\":\"Le Bedouin Agafay\"},\"image\":{\"@id\":\"https:\/\/lebedouinagafay.com\/#\/schema\/logo\/image\/\"},\"sameAs\":[\"https:\/\/www.facebook.com\/lebedouinagafay\/\",\"https:\/\/instagram.com\/lebedouinagafay\/\",\"https:\/\/www.tripadvisor.com\/Hotel_Review-g15276171-d24854213-Reviews-Le_Bedouin_Agafay-Agafay_Marrakech_Safi.html\"]}]}<\/script>\n<!-- \/ Yoast SEO plugin. -->","yoast_head_json":{"title":"NIGHT PASS - Le B\u00e9douin Agafay - Official Site | Unique Stays &amp; Experiences in the Marrakech Desert","description":"Profitez du Night Pass dans le d\u00e9sert d'Agafay : piscine, d\u00eener buffet marocain, spectacles envo\u00fbtants et une ambiance magique sous les \u00e9toiles.","robots":{"index":"index","follow":"follow","max-snippet":"max-snippet:-1","max-image-preview":"max-image-preview:large","max-video-preview":"max-video-preview:-1"},"canonical":"https:\/\/lebedouinagafay.com\/fr\/produit\/night-pass\/","og_locale":"fr_FR","og_type":"article","og_title":"NIGHT PASS - Le B\u00e9douin Agafay - Official Site | Unique Stays &amp; Experiences in the Marrakech Desert","og_description":"Profitez du Night Pass dans le d\u00e9sert d'Agafay : piscine, d\u00eener buffet marocain, spectacles envo\u00fbtants et une ambiance magique sous les \u00e9toiles.","og_url":"https:\/\/lebedouinagafay.com\/fr\/produit\/night-pass\/","og_site_name":"Le B\u00e9douin Agafay - Official Site | Unique Stays &amp; Experiences in the Marrakech Desert","article_publisher":"https:\/\/www.facebook.com\/lebedouinagafay\/","article_modified_time":"2025-07-23T08:49:31+00:00","og_image":[{"width":2560,"height":1707,"url":"https:\/\/lebedouinagafay.com\/wp-content\/uploads\/2024\/11\/Night-Pass-scaled.jpg","type":"image\/jpeg"}],"twitter_card":"summary_large_image","twitter_misc":{"Dur\u00e9e de lecture estim\u00e9e":"2 minutes"},"schema":{"@context":"https:\/\/schema.org","@graph":[{"@type":"WebPage","@id":"https:\/\/lebedouinagafay.com\/fr\/produit\/night-pass\/","url":"https:\/\/lebedouinagafay.com\/fr\/produit\/night-pass\/","name":"NIGHT PASS - Le B\u00e9douin Agafay - Official Site | Unique Stays &amp; Experiences in the Marrakech Desert","isPartOf":{"@id":"https:\/\/lebedouinagafay.com\/#website"},"primaryImageOfPage":{"@id":"https:\/\/lebedouinagafay.com\/fr\/produit\/night-pass\/#primaryimage"},"image":{"@id":"https:\/\/lebedouinagafay.com\/fr\/produit\/night-pass\/#primaryimage"},"thumbnailUrl":"https:\/\/i0.wp.com\/lebedouinagafay.com\/wp-content\/uploads\/2024\/11\/Night-Pass-scaled.jpg?fit=2560%2C1707&ssl=1","datePublished":"2024-11-29T18:39:09+00:00","dateModified":"2025-07-23T08:49:31+00:00","description":"Profitez du Night Pass dans le d\u00e9sert d'Agafay : piscine, d\u00eener buffet marocain, spectacles envo\u00fbtants et une ambiance magique sous les \u00e9toiles.","breadcrumb":{"@id":"https:\/\/lebedouinagafay.com\/fr\/produit\/night-pass\/#breadcrumb"},"inLanguage":"fr-FR","potentialAction":[{"@type":"ReadAction","target":["https:\/\/lebedouinagafay.com\/fr\/produit\/night-pass\/"]}]},{"@type":"ImageObject","inLanguage":"fr-FR","@id":"https:\/\/lebedouinagafay.com\/fr\/produit\/night-pass\/#primaryimage","url":"https:\/\/i0.wp.com\/lebedouinagafay.com\/wp-content\/uploads\/2024\/11\/Night-Pass-scaled.jpg?fit=2560%2C1707&ssl=1","contentUrl":"https:\/\/i0.wp.com\/lebedouinagafay.com\/wp-content\/uploads\/2024\/11\/Night-Pass-scaled.jpg?fit=2560%2C1707&ssl=1","width":2560,"height":1707},{"@type":"BreadcrumbList","@id":"https:\/\/lebedouinagafay.com\/fr\/produit\/night-pass\/#breadcrumb","itemListElement":[{"@type":"ListItem","position":1,"name":"Home","item":"https:\/\/lebedouinagafay.com\/"},{"@type":"ListItem","position":2,"name":"Boutique","item":"https:\/\/lebedouinagafay.com\/fr\/boutique\/"},{"@type":"ListItem","position":3,"name":"NIGHT PASS"}]},{"@type":"WebSite","@id":"https:\/\/lebedouinagafay.com\/#website","url":"https:\/\/lebedouinagafay.com\/","name":"Le Bedouin Agafay","description":"Le B\u00e9douin Agafay : H\u00e9bergement, aventures et hospitalit\u00e9 au c\u0153ur du d\u00e9sert d\u2019Agafay.","publisher":{"@id":"https:\/\/lebedouinagafay.com\/#organization"},"potentialAction":[{"@type":"SearchAction","target":{"@type":"EntryPoint","urlTemplate":"https:\/\/lebedouinagafay.com\/?s={search_term_string}"},"query-input":{"@type":"PropertyValueSpecification","valueRequired":true,"valueName":"search_term_string"}}],"inLanguage":"fr-FR"},{"@type":"Organization","@id":"https:\/\/lebedouinagafay.com\/#organization","name":"Le Bedouin Agafay","url":"https:\/\/lebedouinagafay.com\/","logo":{"@type":"ImageObject","inLanguage":"fr-FR","@id":"https:\/\/lebedouinagafay.com\/#\/schema\/logo\/image\/","url":"https:\/\/lebedouinagafay.com\/wp-content\/uploads\/2025\/01\/le-bedouin-agafay.png","contentUrl":"https:\/\/lebedouinagafay.com\/wp-content\/uploads\/2025\/01\/le-bedouin-agafay.png","width":700,"height":700,"caption":"Le Bedouin Agafay"},"image":{"@id":"https:\/\/lebedouinagafay.com\/#\/schema\/logo\/image\/"},"sameAs":["https:\/\/www.facebook.com\/lebedouinagafay\/","https:\/\/instagram.com\/lebedouinagafay\/","https:\/\/www.tripadvisor.com\/Hotel_Review-g15276171-d24854213-Reviews-Le_Bedouin_Agafay-Agafay_Marrakech_Safi.html"]}]}},"jetpack_sharing_enabled":true,"_links":{"self":[{"href":"https:\/\/lebedouinagafay.com\/fr\/wp-json\/wp\/v2\/product\/3521","targetHints":{"allow":["GET"]}}],"collection":[{"href":"https:\/\/lebedouinagafay.com\/fr\/wp-json\/wp\/v2\/product"}],"about":[{"href":"https:\/\/lebedouinagafay.com\/fr\/wp-json\/wp\/v2\/types\/product"}],"replies":[{"embeddable":true,"href":"https:\/\/lebedouinagafay.com\/fr\/wp-json\/wp\/v2\/comments?post=3521"}],"wp:featuredmedia":[{"embeddable":true,"href":"https:\/\/lebedouinagafay.com\/fr\/wp-json\/wp\/v2\/media\/6084"}],"wp:attachment":[{"href":"https:\/\/lebedouinagafay.com\/fr\/wp-json\/wp\/v2\/media?parent=3521"}],"wp:term":[{"taxonomy":"product_brand","embeddable":true,"href":"https:\/\/lebedouinagafay.com\/fr\/wp-json\/wp\/v2\/product_brand?post=3521"},{"taxonomy":"product_cat","embeddable":true,"href":"https:\/\/lebedouinagafay.com\/fr\/wp-json\/wp\/v2\/product_cat?post=3521"},{"taxonomy":"product_tag","embeddable":true,"href":"https:\/\/lebedouinagafay.com\/fr\/wp-json\/wp\/v2\/product_tag?post=3521"}],"curies":[{"name":"wp","href":"https:\/\/api.w.org\/{rel}","templated":true}]}}