{"id":3524,"date":"2024-10-21T15:58:52","date_gmt":"2024-10-21T13:58:52","guid":{"rendered":"https:\/\/lebedouinagafay.com\/product\/promenade-chameau\/"},"modified":"2025-03-13T16:19:40","modified_gmt":"2025-03-13T15:19:40","slug":"promenade-chameau","status":"publish","type":"product","link":"https:\/\/lebedouinagafay.com\/fr\/produit\/promenade-chameau\/","title":{"rendered":"BALADE EN DROMADAIRE"},"content":{"rendered":"<h2><span style=\"color: #000000;\"><strong>Balade en dromadaire \u00e0 Agafay Marrakech &#8211; Une exp\u00e9rience inoubliable<\/strong><\/span><\/h2>\n<p><span style=\"color: #000000;\">Une\u00a0balade en dromadaire \u00e0 Agafay Marrakech\u00a0est une exp\u00e9rience authentique qui vous plonge au c\u0153ur du d\u00e9sert, \u00e0 seulement quelques kilom\u00e8tres de la ville. Profitez d\u2019un moment unique \u00e0 dos de dromadaire tout en admirant le magnifique paysage d\u2019Agafay, avec ses dunes dor\u00e9es et ses montagnes en arri\u00e8re-plan.<\/span><\/p>\n<h3><span style=\"color: #000000;\"><strong>Pourquoi choisir une balade en dromadaire \u00e0 Agafay\u00a0?<\/strong><\/span><\/h3>\n<p><span style=\"color: #000000;\">Le d\u00e9sert d\u2019Agafay est une alternative parfaite au Sahara pour vivre une aventure saharienne pr\u00e8s de Marrakech. Contrairement aux grandes dunes de sable,\u00a0 Agafay offre un d\u00e9cor rocheux impressionnant, parfait pour une balade paisible.<\/span><\/p>\n<p><span style=\"color: #000000;\">Lors de votre excursion, vous serez accompagn\u00e9 par des guides locaux qui vous feront d\u00e9couvrir l\u2019histoire, le charme et l&rsquo;authenticit\u00e9 des traditions et des cultures locales. Vous pourrez \u00e9galement savourer un\u00a0th\u00e9 marocain traditionnel\u00a0au bivouac apr\u00e8s la balade.<\/span><\/p>\n<h3><span style=\"color: #000000;\"><strong>D\u00e9tails et informations pratiques<\/strong><\/span><\/h3>\n<ul>\n<li><span style=\"color: #000000;\">Lieu: D\u00e9sert d\u2019Agafay, \u00e0 30 km de Marrakech<\/span><\/li>\n<li><span style=\"color: #000000;\">Dur\u00e9e de balade\u00a0: 30 minutes, 01 heure ou plus \u00e0 votre convenance<\/span><\/li>\n<li><span style=\"color: #000000;\">Horaires: D\u00e9parts matin et apr\u00e8s-midi, option\u00a0coucher de soleil\u00a0disponible<\/span><\/li>\n<li><span style=\"color: #000000;\">Transport: Navette aller-retour depuis votre h\u00f4tel (en option)<\/span><\/li>\n<\/ul>\n<h3><span style=\"color: #000000;\">\u00a0<strong>Tarifs:<\/strong><\/span><\/h3>\n<ul>\n<li style=\"list-style-type: none;\">\n<ul>\n<li style=\"list-style-type: none;\">\n<ul>\n<li><span style=\"color: #000000;\">Pour une dur\u00e9e de\u00a030 minutes\u00a0:\u00a0200 dhs (30\u20ac)\u00a0par dromadaire (Adulte ou Enfant)<\/span><\/li>\n<li><span style=\"color: #000000;\">Pour une dur\u00e9e d\u2019une heure\u00a0:\u00a0300 dhs (30\u20ac)\u00a0par dromadaire (Adulte ou Enfant)<\/span><\/li>\n<\/ul>\n<\/li>\n<\/ul>\n<\/li>\n<\/ul>\n<p><span style=\"color: #000000;\"><strong>Exp\u00e9rience magique au coucher du soleil<\/strong><\/span><\/p>\n<p><span style=\"color: #000000;\">Si vous souhaitez vivre un moment encore plus magique, optez pour une\u00a0balade en dromadaire au coucher du soleil. Vous assisterez \u00e0 un spectacle naturel \u00e9poustouflant avec les couleurs dor\u00e9es du d\u00e9sert d\u2019Agafay. Une exp\u00e9rience parfaite pour les amateurs de photographie et de moments inoubliables.<\/span><\/p>\n<h3><span style=\"color: #000000;\"><strong>FAQ\u00a0 &#8211;\u00a0 Tout ce que vous devez savoir<\/strong><\/span><\/h3>\n<p><span style=\"color: #000000;\"><strong>Doit-on avoir de l\u2019exp\u00e9rience pour monter un dromadaire ?<\/strong><\/span><br \/>\n<span style=\"color: #000000;\">Non, l\u2019activit\u00e9 est accessible \u00e0 tous, m\u00eame aux d\u00e9butants. Les guides vous aideront \u00e0 monter et descendre du dromadaire en toute s\u00e9curit\u00e9.<\/span><\/p>\n<p><span style=\"color: #000000;\"><strong>Faut-il une tenue sp\u00e9ciale ?<\/strong><\/span><br \/>\n<span style=\"color: #000000;\">Nous recommandons de porter des v\u00eatements confortables et des chaussures ferm\u00e9es.<\/span><\/p>\n<p><span style=\"color: #000000;\"><strong>L\u2019activit\u00e9 est-elle adapt\u00e9e aux enfants ?<\/strong><\/span><br \/>\n<span style=\"color: #000000;\">Oui, Les petits enfants peuvent monter avec un adulte.<\/span><\/p>\n<p><span style=\"color: #000000;\"><strong>R\u00e9servez votre balade en dromadaire \u00e0 Agafay Marrakech d\u00e8s maintenant !<\/strong><\/span><\/p>\n<p><span style=\"color: #000000;\">Vivez une aventure unique dans le d\u00e9sert d\u2019Agafay et plongez dans l\u2019ambiance authentique du Maroc.\u00a0<span style=\"color: #0000ff;\"><a style=\"color: #0000ff;\" href=\"https:\/\/lebedouinagafay.com\/Activities\/\">R\u00e9servez d\u00e8s aujourd\u2019hui<\/a><\/span>\u00a0votre\u00a0balade en dromadaire \u00e0 Agafay Marrakech\u00a0et profitez d\u2019un moment magique en pleine nature.<\/span><\/p>\n<p>&nbsp;<\/p>\n<h6><span style=\"color: #000000;\"><strong>Pour toute information compl\u00e9mentaire ou question, n\u2019h\u00e9sitez pas \u00e0\u00a0 <\/strong><span style=\"color: #0000ff;\"><a style=\"color: #0000ff;\" href=\"https:\/\/lebedouinagafay.com\/fr\/contactez-nous\/\" target=\"_blank\" rel=\"noopener\"><strong>nous contacter !<\/strong><\/a><\/span><\/span><\/h6>\n<h6><span style=\"color: #000000;\"><strong>Rejoignez notre aventure pour recevoir les offres sp\u00e9ciales et les mises \u00e0 jour exclusives :\u00a0 <\/strong><span style=\"color: #0000ff;\"><a style=\"color: #0000ff;\" href=\"https:\/\/www.facebook.com\/lebedouinagafay\/\" target=\"_blank\" rel=\"noopener\"><strong>Facebook<\/strong><\/a><strong> , <\/strong><a style=\"color: #0000ff;\" href=\"https:\/\/instagram.com\/lebedouinagafay\/\" target=\"_blank\" rel=\"noopener\"><strong>Instagram<\/strong><\/a><\/span><\/span><\/h6>\n","protected":false},"excerpt":{"rendered":"<p>Le d\u00e9sert d\u2019Agafay vous attend pour une aventure inoubliable sur le dos de magnifiques dromadaires. Id\u00e9ale pour les familles, couples ou groupes d\u2019amis&#8230;<\/p>\n","protected":false},"featured_media":3050,"comment_status":"open","ping_status":"closed","template":"","meta":{"_acf_changed":false},"product_brand":[],"product_cat":[53],"product_tag":[],"class_list":{"0":"post-3524","1":"product","2":"type-product","3":"status-publish","4":"has-post-thumbnail","6":"product_cat-uncategorized-fr","8":"first","9":"instock","10":"shipping-taxable","11":"purchasable","12":"product-type-variable"},"acf":[],"yoast_head":"<!-- This site is optimized with the Yoast SEO plugin v26.0 - https:\/\/yoast.com\/wordpress\/plugins\/seo\/ -->\n<title>BALADE EN DROMADAIRE - Le B\u00e9douin Agafay - Official Site | Unique Stays &amp; Experiences in the Marrakech Desert<\/title>\n<meta name=\"description\" content=\"D\u00e9couvrez une balade en dromadaire dans le d\u00e9sert d\u2019Agafay pr\u00e8s de Marrakech. Une exp\u00e9rience unique avec vue panoramique ! R\u00e9servez d\u00e8s maintenant.\" \/>\n<meta name=\"robots\" content=\"index, follow, max-snippet:-1, max-image-preview:large, max-video-preview:-1\" \/>\n<link rel=\"canonical\" href=\"https:\/\/lebedouinagafay.com\/fr\/produit\/promenade-chameau\/\" \/>\n<meta property=\"og:locale\" content=\"fr_FR\" \/>\n<meta property=\"og:type\" content=\"article\" \/>\n<meta property=\"og:title\" content=\"BALADE EN DROMADAIRE - Le B\u00e9douin Agafay - Official Site | Unique Stays &amp; Experiences in the Marrakech Desert\" \/>\n<meta property=\"og:description\" content=\"D\u00e9couvrez une balade en dromadaire dans le d\u00e9sert d\u2019Agafay pr\u00e8s de Marrakech. Une exp\u00e9rience unique avec vue panoramique ! R\u00e9servez d\u00e8s maintenant.\" \/>\n<meta property=\"og:url\" content=\"https:\/\/lebedouinagafay.com\/fr\/produit\/promenade-chameau\/\" \/>\n<meta property=\"og:site_name\" content=\"Le B\u00e9douin Agafay - Official Site | Unique Stays &amp; Experiences in the Marrakech Desert\" \/>\n<meta property=\"article:publisher\" content=\"https:\/\/www.facebook.com\/lebedouinagafay\/\" \/>\n<meta property=\"article:modified_time\" content=\"2025-03-13T15:19:40+00:00\" \/>\n<meta property=\"og:image\" content=\"https:\/\/lebedouinagafay.com\/wp-content\/uploads\/2024\/10\/PROMENADE-CHAMEAU-AGAFAY-MARRAKECH-7.jpg\" \/>\n\t<meta property=\"og:image:width\" content=\"798\" \/>\n\t<meta property=\"og:image:height\" content=\"532\" \/>\n\t<meta property=\"og:image:type\" content=\"image\/jpeg\" \/>\n<meta name=\"twitter:card\" content=\"summary_large_image\" \/>\n<meta name=\"twitter:label1\" content=\"Dur\u00e9e de lecture estim\u00e9e\" \/>\n\t<meta name=\"twitter:data1\" content=\"2 minutes\" \/>\n<script type=\"application\/ld+json\" class=\"yoast-schema-graph\">{\"@context\":\"https:\/\/schema.org\",\"@graph\":[{\"@type\":\"WebPage\",\"@id\":\"https:\/\/lebedouinagafay.com\/fr\/produit\/promenade-chameau\/\",\"url\":\"https:\/\/lebedouinagafay.com\/fr\/produit\/promenade-chameau\/\",\"name\":\"BALADE EN DROMADAIRE - Le B\u00e9douin Agafay - Official Site | Unique Stays &amp; Experiences in the Marrakech Desert\",\"isPartOf\":{\"@id\":\"https:\/\/lebedouinagafay.com\/#website\"},\"primaryImageOfPage\":{\"@id\":\"https:\/\/lebedouinagafay.com\/fr\/produit\/promenade-chameau\/#primaryimage\"},\"image\":{\"@id\":\"https:\/\/lebedouinagafay.com\/fr\/produit\/promenade-chameau\/#primaryimage\"},\"thumbnailUrl\":\"https:\/\/i0.wp.com\/lebedouinagafay.com\/wp-content\/uploads\/2024\/10\/PROMENADE-CHAMEAU-AGAFAY-MARRAKECH-7.jpg?fit=798%2C532&ssl=1\",\"datePublished\":\"2024-10-21T13:58:52+00:00\",\"dateModified\":\"2025-03-13T15:19:40+00:00\",\"description\":\"D\u00e9couvrez une balade en dromadaire dans le d\u00e9sert d\u2019Agafay pr\u00e8s de Marrakech. Une exp\u00e9rience unique avec vue panoramique ! R\u00e9servez d\u00e8s maintenant.\",\"breadcrumb\":{\"@id\":\"https:\/\/lebedouinagafay.com\/fr\/produit\/promenade-chameau\/#breadcrumb\"},\"inLanguage\":\"fr-FR\",\"potentialAction\":[{\"@type\":\"ReadAction\",\"target\":[\"https:\/\/lebedouinagafay.com\/fr\/produit\/promenade-chameau\/\"]}]},{\"@type\":\"ImageObject\",\"inLanguage\":\"fr-FR\",\"@id\":\"https:\/\/lebedouinagafay.com\/fr\/produit\/promenade-chameau\/#primaryimage\",\"url\":\"https:\/\/i0.wp.com\/lebedouinagafay.com\/wp-content\/uploads\/2024\/10\/PROMENADE-CHAMEAU-AGAFAY-MARRAKECH-7.jpg?fit=798%2C532&ssl=1\",\"contentUrl\":\"https:\/\/i0.wp.com\/lebedouinagafay.com\/wp-content\/uploads\/2024\/10\/PROMENADE-CHAMEAU-AGAFAY-MARRAKECH-7.jpg?fit=798%2C532&ssl=1\",\"width\":798,\"height\":532},{\"@type\":\"BreadcrumbList\",\"@id\":\"https:\/\/lebedouinagafay.com\/fr\/produit\/promenade-chameau\/#breadcrumb\",\"itemListElement\":[{\"@type\":\"ListItem\",\"position\":1,\"name\":\"Home\",\"item\":\"https:\/\/lebedouinagafay.com\/\"},{\"@type\":\"ListItem\",\"position\":2,\"name\":\"Boutique\",\"item\":\"https:\/\/lebedouinagafay.com\/fr\/boutique\/\"},{\"@type\":\"ListItem\",\"position\":3,\"name\":\"BALADE EN DROMADAIRE\"}]},{\"@type\":\"WebSite\",\"@id\":\"https:\/\/lebedouinagafay.com\/#website\",\"url\":\"https:\/\/lebedouinagafay.com\/\",\"name\":\"Le Bedouin Agafay\",\"description\":\"Le B\u00e9douin Agafay : H\u00e9bergement, aventures et hospitalit\u00e9 au c\u0153ur du d\u00e9sert d\u2019Agafay.\",\"publisher\":{\"@id\":\"https:\/\/lebedouinagafay.com\/#organization\"},\"potentialAction\":[{\"@type\":\"SearchAction\",\"target\":{\"@type\":\"EntryPoint\",\"urlTemplate\":\"https:\/\/lebedouinagafay.com\/?s={search_term_string}\"},\"query-input\":{\"@type\":\"PropertyValueSpecification\",\"valueRequired\":true,\"valueName\":\"search_term_string\"}}],\"inLanguage\":\"fr-FR\"},{\"@type\":\"Organization\",\"@id\":\"https:\/\/lebedouinagafay.com\/#organization\",\"name\":\"Le Bedouin Agafay\",\"url\":\"https:\/\/lebedouinagafay.com\/\",\"logo\":{\"@type\":\"ImageObject\",\"inLanguage\":\"fr-FR\",\"@id\":\"https:\/\/lebedouinagafay.com\/#\/schema\/logo\/image\/\",\"url\":\"https:\/\/lebedouinagafay.com\/wp-content\/uploads\/2025\/01\/le-bedouin-agafay.png\",\"contentUrl\":\"https:\/\/lebedouinagafay.com\/wp-content\/uploads\/2025\/01\/le-bedouin-agafay.png\",\"width\":700,\"height\":700,\"caption\":\"Le Bedouin Agafay\"},\"image\":{\"@id\":\"https:\/\/lebedouinagafay.com\/#\/schema\/logo\/image\/\"},\"sameAs\":[\"https:\/\/www.facebook.com\/lebedouinagafay\/\",\"https:\/\/instagram.com\/lebedouinagafay\/\",\"https:\/\/www.tripadvisor.com\/Hotel_Review-g15276171-d24854213-Reviews-Le_Bedouin_Agafay-Agafay_Marrakech_Safi.html\"]}]}<\/script>\n<!-- \/ Yoast SEO plugin. -->","yoast_head_json":{"title":"BALADE EN DROMADAIRE - Le B\u00e9douin Agafay - Official Site | Unique Stays &amp; Experiences in the Marrakech Desert","description":"D\u00e9couvrez une balade en dromadaire dans le d\u00e9sert d\u2019Agafay pr\u00e8s de Marrakech. Une exp\u00e9rience unique avec vue panoramique ! R\u00e9servez d\u00e8s maintenant.","robots":{"index":"index","follow":"follow","max-snippet":"max-snippet:-1","max-image-preview":"max-image-preview:large","max-video-preview":"max-video-preview:-1"},"canonical":"https:\/\/lebedouinagafay.com\/fr\/produit\/promenade-chameau\/","og_locale":"fr_FR","og_type":"article","og_title":"BALADE EN DROMADAIRE - Le B\u00e9douin Agafay - Official Site | Unique Stays &amp; Experiences in the Marrakech Desert","og_description":"D\u00e9couvrez une balade en dromadaire dans le d\u00e9sert d\u2019Agafay pr\u00e8s de Marrakech. Une exp\u00e9rience unique avec vue panoramique ! R\u00e9servez d\u00e8s maintenant.","og_url":"https:\/\/lebedouinagafay.com\/fr\/produit\/promenade-chameau\/","og_site_name":"Le B\u00e9douin Agafay - Official Site | Unique Stays &amp; Experiences in the Marrakech Desert","article_publisher":"https:\/\/www.facebook.com\/lebedouinagafay\/","article_modified_time":"2025-03-13T15:19:40+00:00","og_image":[{"width":798,"height":532,"url":"https:\/\/lebedouinagafay.com\/wp-content\/uploads\/2024\/10\/PROMENADE-CHAMEAU-AGAFAY-MARRAKECH-7.jpg","type":"image\/jpeg"}],"twitter_card":"summary_large_image","twitter_misc":{"Dur\u00e9e de lecture estim\u00e9e":"2 minutes"},"schema":{"@context":"https:\/\/schema.org","@graph":[{"@type":"WebPage","@id":"https:\/\/lebedouinagafay.com\/fr\/produit\/promenade-chameau\/","url":"https:\/\/lebedouinagafay.com\/fr\/produit\/promenade-chameau\/","name":"BALADE EN DROMADAIRE - Le B\u00e9douin Agafay - Official Site | Unique Stays &amp; Experiences in the Marrakech Desert","isPartOf":{"@id":"https:\/\/lebedouinagafay.com\/#website"},"primaryImageOfPage":{"@id":"https:\/\/lebedouinagafay.com\/fr\/produit\/promenade-chameau\/#primaryimage"},"image":{"@id":"https:\/\/lebedouinagafay.com\/fr\/produit\/promenade-chameau\/#primaryimage"},"thumbnailUrl":"https:\/\/i0.wp.com\/lebedouinagafay.com\/wp-content\/uploads\/2024\/10\/PROMENADE-CHAMEAU-AGAFAY-MARRAKECH-7.jpg?fit=798%2C532&ssl=1","datePublished":"2024-10-21T13:58:52+00:00","dateModified":"2025-03-13T15:19:40+00:00","description":"D\u00e9couvrez une balade en dromadaire dans le d\u00e9sert d\u2019Agafay pr\u00e8s de Marrakech. Une exp\u00e9rience unique avec vue panoramique ! R\u00e9servez d\u00e8s maintenant.","breadcrumb":{"@id":"https:\/\/lebedouinagafay.com\/fr\/produit\/promenade-chameau\/#breadcrumb"},"inLanguage":"fr-FR","potentialAction":[{"@type":"ReadAction","target":["https:\/\/lebedouinagafay.com\/fr\/produit\/promenade-chameau\/"]}]},{"@type":"ImageObject","inLanguage":"fr-FR","@id":"https:\/\/lebedouinagafay.com\/fr\/produit\/promenade-chameau\/#primaryimage","url":"https:\/\/i0.wp.com\/lebedouinagafay.com\/wp-content\/uploads\/2024\/10\/PROMENADE-CHAMEAU-AGAFAY-MARRAKECH-7.jpg?fit=798%2C532&ssl=1","contentUrl":"https:\/\/i0.wp.com\/lebedouinagafay.com\/wp-content\/uploads\/2024\/10\/PROMENADE-CHAMEAU-AGAFAY-MARRAKECH-7.jpg?fit=798%2C532&ssl=1","width":798,"height":532},{"@type":"BreadcrumbList","@id":"https:\/\/lebedouinagafay.com\/fr\/produit\/promenade-chameau\/#breadcrumb","itemListElement":[{"@type":"ListItem","position":1,"name":"Home","item":"https:\/\/lebedouinagafay.com\/"},{"@type":"ListItem","position":2,"name":"Boutique","item":"https:\/\/lebedouinagafay.com\/fr\/boutique\/"},{"@type":"ListItem","position":3,"name":"BALADE EN DROMADAIRE"}]},{"@type":"WebSite","@id":"https:\/\/lebedouinagafay.com\/#website","url":"https:\/\/lebedouinagafay.com\/","name":"Le Bedouin Agafay","description":"Le B\u00e9douin Agafay : H\u00e9bergement, aventures et hospitalit\u00e9 au c\u0153ur du d\u00e9sert d\u2019Agafay.","publisher":{"@id":"https:\/\/lebedouinagafay.com\/#organization"},"potentialAction":[{"@type":"SearchAction","target":{"@type":"EntryPoint","urlTemplate":"https:\/\/lebedouinagafay.com\/?s={search_term_string}"},"query-input":{"@type":"PropertyValueSpecification","valueRequired":true,"valueName":"search_term_string"}}],"inLanguage":"fr-FR"},{"@type":"Organization","@id":"https:\/\/lebedouinagafay.com\/#organization","name":"Le Bedouin Agafay","url":"https:\/\/lebedouinagafay.com\/","logo":{"@type":"ImageObject","inLanguage":"fr-FR","@id":"https:\/\/lebedouinagafay.com\/#\/schema\/logo\/image\/","url":"https:\/\/lebedouinagafay.com\/wp-content\/uploads\/2025\/01\/le-bedouin-agafay.png","contentUrl":"https:\/\/lebedouinagafay.com\/wp-content\/uploads\/2025\/01\/le-bedouin-agafay.png","width":700,"height":700,"caption":"Le Bedouin Agafay"},"image":{"@id":"https:\/\/lebedouinagafay.com\/#\/schema\/logo\/image\/"},"sameAs":["https:\/\/www.facebook.com\/lebedouinagafay\/","https:\/\/instagram.com\/lebedouinagafay\/","https:\/\/www.tripadvisor.com\/Hotel_Review-g15276171-d24854213-Reviews-Le_Bedouin_Agafay-Agafay_Marrakech_Safi.html"]}]}},"jetpack_sharing_enabled":true,"_links":{"self":[{"href":"https:\/\/lebedouinagafay.com\/fr\/wp-json\/wp\/v2\/product\/3524","targetHints":{"allow":["GET"]}}],"collection":[{"href":"https:\/\/lebedouinagafay.com\/fr\/wp-json\/wp\/v2\/product"}],"about":[{"href":"https:\/\/lebedouinagafay.com\/fr\/wp-json\/wp\/v2\/types\/product"}],"replies":[{"embeddable":true,"href":"https:\/\/lebedouinagafay.com\/fr\/wp-json\/wp\/v2\/comments?post=3524"}],"wp:featuredmedia":[{"embeddable":true,"href":"https:\/\/lebedouinagafay.com\/fr\/wp-json\/wp\/v2\/media\/3050"}],"wp:attachment":[{"href":"https:\/\/lebedouinagafay.com\/fr\/wp-json\/wp\/v2\/media?parent=3524"}],"wp:term":[{"taxonomy":"product_brand","embeddable":true,"href":"https:\/\/lebedouinagafay.com\/fr\/wp-json\/wp\/v2\/product_brand?post=3524"},{"taxonomy":"product_cat","embeddable":true,"href":"https:\/\/lebedouinagafay.com\/fr\/wp-json\/wp\/v2\/product_cat?post=3524"},{"taxonomy":"product_tag","embeddable":true,"href":"https:\/\/lebedouinagafay.com\/fr\/wp-json\/wp\/v2\/product_tag?post=3524"}],"curies":[{"name":"wp","href":"https:\/\/api.w.org\/{rel}","templated":true}]}}