{"id":3528,"date":"2024-10-18T18:34:05","date_gmt":"2024-10-18T16:34:05","guid":{"rendered":"https:\/\/lebedouinagafay.com\/product\/buggy\/"},"modified":"2025-05-30T18:42:04","modified_gmt":"2025-05-30T16:42:04","slug":"buggy","status":"publish","type":"product","link":"https:\/\/lebedouinagafay.com\/fr\/produit\/buggy\/","title":{"rendered":"BUGGY"},"content":{"rendered":"<h2><span style=\"color: #000000;\"><strong>Aventure en buggy dans le d\u00e9sert d\u2019Agafay \u2013 Sensations fortes et paysages \u00e0 couper le souffle<\/strong><\/span><\/h2>\n<p><span style=\"color: #000000;\">Vivez une aventure inoubliable \u00e0 seulement 45 minutes de Marrakech ! Montez \u00e0 bord d\u2019un puissant buggy tout-terrain et explorez les paysages \u00e9poustouflants du d\u00e9sert d\u2019Agafay. Traversez des villages authentiques et plongez dans la beaut\u00e9 brute du d\u00e9sert marocain. Cette exp\u00e9rience riche en adr\u00e9naline est parfaite pour les amateurs de sensations fortes et les amoureux de la nature.<\/span><\/p>\n<h3><span style=\"color: #000000;\"><strong>Programme de votre excursion:<\/strong><\/span><\/h3>\n<ul>\n<li><span style=\"color: #000000;\"><strong>Briefing et initiation\u00a0: <\/strong>Avant de d\u00e9marrer votre aventure, une session d\u2019introduction vous permettra de vous familiariser avec la conduite du buggy. Vous recevrez des consignes de s\u00e9curit\u00e9 et serez pr\u00eat \u00e0 profiter pleinement de cette exp\u00e9rience, quel que soit votre niveau.<\/span><\/li>\n<li><span style=\"color: #000000;\"><strong>Balade guid\u00e9e dans le d\u00e9sert\u00a0: <\/strong>Accompagn\u00e9 par un guide exp\u00e9riment\u00e9, partez \u00e0 la d\u00e9couverte des paysages grandioses du d\u00e9sert d\u2019Agafay. Plusieurs arr\u00eats photos sont pr\u00e9vus aux meilleurs endroits pour immortaliser cette aventure unique.<\/span><\/li>\n<\/ul>\n<h3><span style=\"color: #000000;\"><strong>Informations importantes<\/strong><\/span><\/h3>\n<ul>\n<li><span style=\"color: #000000;\">Activit\u00e9 possible en solo ou en groupe, toujours avec un guide professionnel.<\/span><\/li>\n<li><span style=\"color: #000000;\">Des chaussures ferm\u00e9es sont recommand\u00e9es pour plus de confort et de s\u00e9curit\u00e9.<\/span><\/li>\n<li><span style=\"color: #000000;\">Si vous roulez seul, le tarif d\u2019un buggy 2 places s\u2019applique (prix par buggy).<\/span><\/li>\n<\/ul>\n<h4><span style=\"color: #000000;\"><strong>Option passager<\/strong><\/span><\/h4>\n<p><span style=\"color: #000000;\">Vous ne souhaitez pas conduire ? Optez pour l\u2019option passager et profitez de l\u2019exp\u00e9rience en toute s\u00e9r\u00e9nit\u00e9 avec un conducteur adulte. Les m\u00eames mesures de s\u00e9curit\u00e9 et d\u2019assurance s\u2019appliquent.<\/span><\/p>\n<h4><span style=\"color: #000000;\"><strong>Options suppl\u00e9mentaires<\/strong><\/span><\/h4>\n<ul>\n<li><span style=\"color: #000000;\"><strong>Exp\u00e9rience prolong\u00e9e<\/strong> : Choisissez la balade de 2 heures pour une immersion plus profonde dans le d\u00e9sert.<\/span><\/li>\n<\/ul>\n<h3><span style=\"color: #000000;\"><strong>Tarifs<\/strong><\/span><\/h3>\n<ul>\n<li><span style=\"color: #000000;\"><strong>1 heure<\/strong> : 1200 MAD (120 \u20ac) par buggy<\/span><\/li>\n<li><span style=\"color: #000000;\"><strong>2 heures<\/strong> : 2000 MAD (200 \u20ac) par buggy<\/span><\/li>\n<\/ul>\n<h3><span style=\"color: #000000;\"><strong>Pourquoi choisir l&rsquo;excursion buggy dans le d\u00e9sert d\u2019Agafay ?<\/strong><\/span><\/h3>\n<ul>\n<li><span style=\"color: #000000;\">Exp\u00e9rience unique pour les amateurs de sensations fortes et les passionn\u00e9s de nature.<\/span><\/li>\n<li><span style=\"color: #000000;\">Id\u00e9ale pour les groupes, familles et amis.<\/span><\/li>\n<li><span style=\"color: #000000;\">Des souvenirs m\u00e9morables et des photos spectaculaires dans un d\u00e9cor exceptionnel.<\/span><\/li>\n<\/ul>\n<p><span style=\"color: #000000;\"><strong>R\u00e9servez d\u00e8s maintenant votre excursion en buggy dans le d\u00e9sert d\u2019Agafay et vivez une aventure inoubliable !<\/strong><\/span><\/p>\n<p>&nbsp;<\/p>\n<h6><span style=\"color: #000000;\"><strong>Pour toute information compl\u00e9mentaire ou question, n\u2019h\u00e9sitez pas \u00e0\u00a0 <\/strong><span style=\"color: #0000ff;\"><a style=\"color: #0000ff;\" href=\"https:\/\/lebedouinagafay.com\/fr\/contactez-nous\/\" target=\"_blank\" rel=\"noopener\"><strong>nous contacter !<\/strong><\/a><\/span><\/span><\/h6>\n<h6><span style=\"color: #000000;\"><strong>Rejoignez notre aventure pour recevoir les offres sp\u00e9ciales et mises \u00e0 jour exclusives : \u00a0<\/strong><span style=\"color: #0000ff;\"><a style=\"color: #0000ff;\" href=\"https:\/\/www.facebook.com\/lebedouinagafay\/\" target=\"_blank\" rel=\"noopener\"><strong>Facebook<\/strong><\/a><strong> , \u00a0<\/strong><a style=\"color: #0000ff;\" href=\"https:\/\/instagram.com\/lebedouinagafay\/\" target=\"_blank\" rel=\"noopener\"><strong>Instagram<\/strong><\/a><\/span><\/span><\/h6>\n","protected":false},"excerpt":{"rendered":"<p>\u00c0 bord de buggies tout-terrain vivez une aventure palpitante et inoubliable au c\u0153ur du d\u00e9sert de pierres d\u2019Agafay, situ\u00e9 \u00e0 seulement 45 minutes de Marrakech&#8230;<\/p>\n","protected":false},"featured_media":2994,"comment_status":"open","ping_status":"closed","template":"","meta":{"_acf_changed":false},"product_brand":[],"product_cat":[53],"product_tag":[],"class_list":{"0":"post-3528","1":"product","2":"type-product","3":"status-publish","4":"has-post-thumbnail","6":"product_cat-uncategorized-fr","8":"first","9":"instock","10":"shipping-taxable","11":"purchasable","12":"product-type-variable"},"acf":[],"yoast_head":"<!-- This site is optimized with the Yoast SEO plugin v26.0 - https:\/\/yoast.com\/wordpress\/plugins\/seo\/ -->\n<title>BUGGY - Le B\u00e9douin Agafay - Official Site | Unique Stays &amp; Experiences in the Marrakech Desert<\/title>\n<meta name=\"description\" content=\"Vivez une aventure palpitante en buggy dans le d\u00e9sert d&#039;Agafay avec une balade guid\u00e9e, des paysages \u00e9poustouflants et une exp\u00e9rience inoubliable.\" \/>\n<meta name=\"robots\" content=\"index, follow, max-snippet:-1, max-image-preview:large, max-video-preview:-1\" \/>\n<link rel=\"canonical\" href=\"https:\/\/lebedouinagafay.com\/fr\/produit\/buggy\/\" \/>\n<meta property=\"og:locale\" content=\"fr_FR\" \/>\n<meta property=\"og:type\" content=\"article\" \/>\n<meta property=\"og:title\" content=\"BUGGY - Le B\u00e9douin Agafay - Official Site | Unique Stays &amp; Experiences in the Marrakech Desert\" \/>\n<meta property=\"og:description\" content=\"Vivez une aventure palpitante en buggy dans le d\u00e9sert d&#039;Agafay avec une balade guid\u00e9e, des paysages \u00e9poustouflants et une exp\u00e9rience inoubliable.\" \/>\n<meta property=\"og:url\" content=\"https:\/\/lebedouinagafay.com\/fr\/produit\/buggy\/\" \/>\n<meta property=\"og:site_name\" content=\"Le B\u00e9douin Agafay - Official Site | Unique Stays &amp; Experiences in the Marrakech Desert\" \/>\n<meta property=\"article:publisher\" content=\"https:\/\/www.facebook.com\/lebedouinagafay\/\" \/>\n<meta property=\"article:modified_time\" content=\"2025-05-30T16:42:04+00:00\" \/>\n<meta property=\"og:image\" content=\"https:\/\/lebedouinagafay.com\/wp-content\/uploads\/2024\/10\/buggy-bedouin-agafay-4-1.webp\" \/>\n\t<meta property=\"og:image:width\" content=\"1000\" \/>\n\t<meta property=\"og:image:height\" content=\"667\" \/>\n\t<meta property=\"og:image:type\" content=\"image\/webp\" \/>\n<meta name=\"twitter:card\" content=\"summary_large_image\" \/>\n<meta name=\"twitter:label1\" content=\"Dur\u00e9e de lecture estim\u00e9e\" \/>\n\t<meta name=\"twitter:data1\" content=\"2 minutes\" \/>\n<script type=\"application\/ld+json\" class=\"yoast-schema-graph\">{\"@context\":\"https:\/\/schema.org\",\"@graph\":[{\"@type\":\"WebPage\",\"@id\":\"https:\/\/lebedouinagafay.com\/fr\/produit\/buggy\/\",\"url\":\"https:\/\/lebedouinagafay.com\/fr\/produit\/buggy\/\",\"name\":\"BUGGY - Le B\u00e9douin Agafay - Official Site | Unique Stays &amp; Experiences in the Marrakech Desert\",\"isPartOf\":{\"@id\":\"https:\/\/lebedouinagafay.com\/#website\"},\"primaryImageOfPage\":{\"@id\":\"https:\/\/lebedouinagafay.com\/fr\/produit\/buggy\/#primaryimage\"},\"image\":{\"@id\":\"https:\/\/lebedouinagafay.com\/fr\/produit\/buggy\/#primaryimage\"},\"thumbnailUrl\":\"https:\/\/i0.wp.com\/lebedouinagafay.com\/wp-content\/uploads\/2024\/10\/buggy-bedouin-agafay-4-1.webp?fit=1000%2C667&ssl=1\",\"datePublished\":\"2024-10-18T16:34:05+00:00\",\"dateModified\":\"2025-05-30T16:42:04+00:00\",\"description\":\"Vivez une aventure palpitante en buggy dans le d\u00e9sert d'Agafay avec une balade guid\u00e9e, des paysages \u00e9poustouflants et une exp\u00e9rience inoubliable.\",\"breadcrumb\":{\"@id\":\"https:\/\/lebedouinagafay.com\/fr\/produit\/buggy\/#breadcrumb\"},\"inLanguage\":\"fr-FR\",\"potentialAction\":[{\"@type\":\"ReadAction\",\"target\":[\"https:\/\/lebedouinagafay.com\/fr\/produit\/buggy\/\"]}]},{\"@type\":\"ImageObject\",\"inLanguage\":\"fr-FR\",\"@id\":\"https:\/\/lebedouinagafay.com\/fr\/produit\/buggy\/#primaryimage\",\"url\":\"https:\/\/i0.wp.com\/lebedouinagafay.com\/wp-content\/uploads\/2024\/10\/buggy-bedouin-agafay-4-1.webp?fit=1000%2C667&ssl=1\",\"contentUrl\":\"https:\/\/i0.wp.com\/lebedouinagafay.com\/wp-content\/uploads\/2024\/10\/buggy-bedouin-agafay-4-1.webp?fit=1000%2C667&ssl=1\",\"width\":1000,\"height\":667},{\"@type\":\"BreadcrumbList\",\"@id\":\"https:\/\/lebedouinagafay.com\/fr\/produit\/buggy\/#breadcrumb\",\"itemListElement\":[{\"@type\":\"ListItem\",\"position\":1,\"name\":\"Home\",\"item\":\"https:\/\/lebedouinagafay.com\/\"},{\"@type\":\"ListItem\",\"position\":2,\"name\":\"Boutique\",\"item\":\"https:\/\/lebedouinagafay.com\/fr\/boutique\/\"},{\"@type\":\"ListItem\",\"position\":3,\"name\":\"BUGGY\"}]},{\"@type\":\"WebSite\",\"@id\":\"https:\/\/lebedouinagafay.com\/#website\",\"url\":\"https:\/\/lebedouinagafay.com\/\",\"name\":\"Le Bedouin Agafay\",\"description\":\"Le B\u00e9douin Agafay : H\u00e9bergement, aventures et hospitalit\u00e9 au c\u0153ur du d\u00e9sert d\u2019Agafay.\",\"publisher\":{\"@id\":\"https:\/\/lebedouinagafay.com\/#organization\"},\"potentialAction\":[{\"@type\":\"SearchAction\",\"target\":{\"@type\":\"EntryPoint\",\"urlTemplate\":\"https:\/\/lebedouinagafay.com\/?s={search_term_string}\"},\"query-input\":{\"@type\":\"PropertyValueSpecification\",\"valueRequired\":true,\"valueName\":\"search_term_string\"}}],\"inLanguage\":\"fr-FR\"},{\"@type\":\"Organization\",\"@id\":\"https:\/\/lebedouinagafay.com\/#organization\",\"name\":\"Le Bedouin Agafay\",\"url\":\"https:\/\/lebedouinagafay.com\/\",\"logo\":{\"@type\":\"ImageObject\",\"inLanguage\":\"fr-FR\",\"@id\":\"https:\/\/lebedouinagafay.com\/#\/schema\/logo\/image\/\",\"url\":\"https:\/\/lebedouinagafay.com\/wp-content\/uploads\/2025\/01\/le-bedouin-agafay.png\",\"contentUrl\":\"https:\/\/lebedouinagafay.com\/wp-content\/uploads\/2025\/01\/le-bedouin-agafay.png\",\"width\":700,\"height\":700,\"caption\":\"Le Bedouin Agafay\"},\"image\":{\"@id\":\"https:\/\/lebedouinagafay.com\/#\/schema\/logo\/image\/\"},\"sameAs\":[\"https:\/\/www.facebook.com\/lebedouinagafay\/\",\"https:\/\/instagram.com\/lebedouinagafay\/\",\"https:\/\/www.tripadvisor.com\/Hotel_Review-g15276171-d24854213-Reviews-Le_Bedouin_Agafay-Agafay_Marrakech_Safi.html\"]}]}<\/script>\n<!-- \/ Yoast SEO plugin. -->","yoast_head_json":{"title":"BUGGY - Le B\u00e9douin Agafay - Official Site | Unique Stays &amp; Experiences in the Marrakech Desert","description":"Vivez une aventure palpitante en buggy dans le d\u00e9sert d'Agafay avec une balade guid\u00e9e, des paysages \u00e9poustouflants et une exp\u00e9rience inoubliable.","robots":{"index":"index","follow":"follow","max-snippet":"max-snippet:-1","max-image-preview":"max-image-preview:large","max-video-preview":"max-video-preview:-1"},"canonical":"https:\/\/lebedouinagafay.com\/fr\/produit\/buggy\/","og_locale":"fr_FR","og_type":"article","og_title":"BUGGY - Le B\u00e9douin Agafay - Official Site | Unique Stays &amp; Experiences in the Marrakech Desert","og_description":"Vivez une aventure palpitante en buggy dans le d\u00e9sert d'Agafay avec une balade guid\u00e9e, des paysages \u00e9poustouflants et une exp\u00e9rience inoubliable.","og_url":"https:\/\/lebedouinagafay.com\/fr\/produit\/buggy\/","og_site_name":"Le B\u00e9douin Agafay - Official Site | Unique Stays &amp; Experiences in the Marrakech Desert","article_publisher":"https:\/\/www.facebook.com\/lebedouinagafay\/","article_modified_time":"2025-05-30T16:42:04+00:00","og_image":[{"width":1000,"height":667,"url":"https:\/\/lebedouinagafay.com\/wp-content\/uploads\/2024\/10\/buggy-bedouin-agafay-4-1.webp","type":"image\/webp"}],"twitter_card":"summary_large_image","twitter_misc":{"Dur\u00e9e de lecture estim\u00e9e":"2 minutes"},"schema":{"@context":"https:\/\/schema.org","@graph":[{"@type":"WebPage","@id":"https:\/\/lebedouinagafay.com\/fr\/produit\/buggy\/","url":"https:\/\/lebedouinagafay.com\/fr\/produit\/buggy\/","name":"BUGGY - Le B\u00e9douin Agafay - Official Site | Unique Stays &amp; Experiences in the Marrakech Desert","isPartOf":{"@id":"https:\/\/lebedouinagafay.com\/#website"},"primaryImageOfPage":{"@id":"https:\/\/lebedouinagafay.com\/fr\/produit\/buggy\/#primaryimage"},"image":{"@id":"https:\/\/lebedouinagafay.com\/fr\/produit\/buggy\/#primaryimage"},"thumbnailUrl":"https:\/\/i0.wp.com\/lebedouinagafay.com\/wp-content\/uploads\/2024\/10\/buggy-bedouin-agafay-4-1.webp?fit=1000%2C667&ssl=1","datePublished":"2024-10-18T16:34:05+00:00","dateModified":"2025-05-30T16:42:04+00:00","description":"Vivez une aventure palpitante en buggy dans le d\u00e9sert d'Agafay avec une balade guid\u00e9e, des paysages \u00e9poustouflants et une exp\u00e9rience inoubliable.","breadcrumb":{"@id":"https:\/\/lebedouinagafay.com\/fr\/produit\/buggy\/#breadcrumb"},"inLanguage":"fr-FR","potentialAction":[{"@type":"ReadAction","target":["https:\/\/lebedouinagafay.com\/fr\/produit\/buggy\/"]}]},{"@type":"ImageObject","inLanguage":"fr-FR","@id":"https:\/\/lebedouinagafay.com\/fr\/produit\/buggy\/#primaryimage","url":"https:\/\/i0.wp.com\/lebedouinagafay.com\/wp-content\/uploads\/2024\/10\/buggy-bedouin-agafay-4-1.webp?fit=1000%2C667&ssl=1","contentUrl":"https:\/\/i0.wp.com\/lebedouinagafay.com\/wp-content\/uploads\/2024\/10\/buggy-bedouin-agafay-4-1.webp?fit=1000%2C667&ssl=1","width":1000,"height":667},{"@type":"BreadcrumbList","@id":"https:\/\/lebedouinagafay.com\/fr\/produit\/buggy\/#breadcrumb","itemListElement":[{"@type":"ListItem","position":1,"name":"Home","item":"https:\/\/lebedouinagafay.com\/"},{"@type":"ListItem","position":2,"name":"Boutique","item":"https:\/\/lebedouinagafay.com\/fr\/boutique\/"},{"@type":"ListItem","position":3,"name":"BUGGY"}]},{"@type":"WebSite","@id":"https:\/\/lebedouinagafay.com\/#website","url":"https:\/\/lebedouinagafay.com\/","name":"Le Bedouin Agafay","description":"Le B\u00e9douin Agafay : H\u00e9bergement, aventures et hospitalit\u00e9 au c\u0153ur du d\u00e9sert d\u2019Agafay.","publisher":{"@id":"https:\/\/lebedouinagafay.com\/#organization"},"potentialAction":[{"@type":"SearchAction","target":{"@type":"EntryPoint","urlTemplate":"https:\/\/lebedouinagafay.com\/?s={search_term_string}"},"query-input":{"@type":"PropertyValueSpecification","valueRequired":true,"valueName":"search_term_string"}}],"inLanguage":"fr-FR"},{"@type":"Organization","@id":"https:\/\/lebedouinagafay.com\/#organization","name":"Le Bedouin Agafay","url":"https:\/\/lebedouinagafay.com\/","logo":{"@type":"ImageObject","inLanguage":"fr-FR","@id":"https:\/\/lebedouinagafay.com\/#\/schema\/logo\/image\/","url":"https:\/\/lebedouinagafay.com\/wp-content\/uploads\/2025\/01\/le-bedouin-agafay.png","contentUrl":"https:\/\/lebedouinagafay.com\/wp-content\/uploads\/2025\/01\/le-bedouin-agafay.png","width":700,"height":700,"caption":"Le Bedouin Agafay"},"image":{"@id":"https:\/\/lebedouinagafay.com\/#\/schema\/logo\/image\/"},"sameAs":["https:\/\/www.facebook.com\/lebedouinagafay\/","https:\/\/instagram.com\/lebedouinagafay\/","https:\/\/www.tripadvisor.com\/Hotel_Review-g15276171-d24854213-Reviews-Le_Bedouin_Agafay-Agafay_Marrakech_Safi.html"]}]}},"jetpack_sharing_enabled":true,"_links":{"self":[{"href":"https:\/\/lebedouinagafay.com\/fr\/wp-json\/wp\/v2\/product\/3528","targetHints":{"allow":["GET"]}}],"collection":[{"href":"https:\/\/lebedouinagafay.com\/fr\/wp-json\/wp\/v2\/product"}],"about":[{"href":"https:\/\/lebedouinagafay.com\/fr\/wp-json\/wp\/v2\/types\/product"}],"replies":[{"embeddable":true,"href":"https:\/\/lebedouinagafay.com\/fr\/wp-json\/wp\/v2\/comments?post=3528"}],"wp:featuredmedia":[{"embeddable":true,"href":"https:\/\/lebedouinagafay.com\/fr\/wp-json\/wp\/v2\/media\/2994"}],"wp:attachment":[{"href":"https:\/\/lebedouinagafay.com\/fr\/wp-json\/wp\/v2\/media?parent=3528"}],"wp:term":[{"taxonomy":"product_brand","embeddable":true,"href":"https:\/\/lebedouinagafay.com\/fr\/wp-json\/wp\/v2\/product_brand?post=3528"},{"taxonomy":"product_cat","embeddable":true,"href":"https:\/\/lebedouinagafay.com\/fr\/wp-json\/wp\/v2\/product_cat?post=3528"},{"taxonomy":"product_tag","embeddable":true,"href":"https:\/\/lebedouinagafay.com\/fr\/wp-json\/wp\/v2\/product_tag?post=3528"}],"curies":[{"name":"wp","href":"https:\/\/api.w.org\/{rel}","templated":true}]}}